{"id":22,"date":"2025-02-23T22:49:01","date_gmt":"2025-02-24T06:49:01","guid":{"rendered":"http:\/\/cosmopolitanbythesea.com\/?page_id=22"},"modified":"2025-04-07T12:14:36","modified_gmt":"2025-04-07T19:14:36","slug":"inversor","status":"publish","type":"page","link":"https:\/\/cosmopolitanbythesea.com\/en\/inversor\/","title":{"rendered":"Investor"},"content":{"rendered":"<section class=\"bde-section-22-166 bde-section\">\n              \n  \n  \n\t    \n      <div class=\"section-background-video\">\n              <video\n          autoplay\n          muted\n                      playsinline\n                                loop\n                          >\n        <source src=\"https:\/\/cosmopolitanbythesea.com\/wp-content\/uploads\/2025\/03\/Toma-Lobby.mp4\" type=\"video\/mp4\" \/>\n      <\/video>\n      <\/div>\n\n\n  <div class=\"section-background-overlay\"><\/div>\n\n\n<div class=\"section-container\"><h1 class=\"bde-heading-22-177 bde-heading\">\nTU HOGAR\n<\/h1><h1 class=\"bde-heading-22-178 bde-heading\">\ncon vista infinita al mar\n<\/h1><\/div>\n<\/section><section class=\"bde-section-22-169 bde-section\">\n  \n  \n\t\n\n\n\n<div class=\"section-container\"><div class=\"bde-columns-22-170 bde-columns\"><div class=\"bde-column-22-171 bde-column\">\n  \n  \n\t\n\n\n\n<h1 class=\"bde-heading-22-172 bde-heading\">\nINVIERTE\n<\/h1><h1 class=\"bde-heading-22-173 bde-heading\">\ncon beneficios exclusivos\n<\/h1><p class=\"bde-text-22-179 bde-text\">\nCada residencia, dise\u00f1ada para maximizar luz, amplitud y confort con incre\u00edbles terrazas privadas y acabados de lujo para el m\u00e1ximo goce de una vida frente al mar.\n<\/p><div class=\"bde-text-22-180 bde-text\">\nInvertir en Cosmopolitan by the Sea significa formar parte de un modelo de condohotel estilo resort que ofrece la posibilidad de rentar tu departamento, maximizando tu inversi\u00f3n. Est\u00e1 compuesto por dos torres frente al mar, al norte de Ensenada.\n<\/div>\n<\/div><div class=\"bde-column-22-175 bde-column\">\n  \n  \n\t\n\n\n\n<div class=\"bde-image-hover-card-22-176 bde-image-hover-card\">\n<figure class=\"ee-imagehover c4-izmir c4-border-center c4-image-zoom-in\">\n    <img loading=\"lazy\" decoding=\"async\" class=\"breakdance-image-object\" src=\"https:\/\/cosmopolitanbythesea.com\/wp-content\/uploads\/2025\/02\/CBTS-NoBeachClub-scaled.jpg\" width=\"1920\" height=\"1080\" srcset=\"https:\/\/cosmopolitanbythesea.com\/wp-content\/uploads\/2025\/02\/CBTS-NoBeachClub-scaled.jpg 1920w, https:\/\/cosmopolitanbythesea.com\/wp-content\/uploads\/2025\/02\/CBTS-NoBeachClub-300x169.jpg 300w, https:\/\/cosmopolitanbythesea.com\/wp-content\/uploads\/2025\/02\/CBTS-NoBeachClub-1024x576.jpg 1024w, https:\/\/cosmopolitanbythesea.com\/wp-content\/uploads\/2025\/02\/CBTS-NoBeachClub-768x432.jpg 768w, https:\/\/cosmopolitanbythesea.com\/wp-content\/uploads\/2025\/02\/CBTS-NoBeachClub-1536x864.jpg 1536w, https:\/\/cosmopolitanbythesea.com\/wp-content\/uploads\/2025\/02\/CBTS-NoBeachClub-2048x1152.jpg 2048w\" sizes=\"auto, (max-width: 1920px) 100vw, 1920px\">\n  <figcaption class=\"c4-layout-center-right\">\n      <\/figcaption>\n<\/figure>\n<\/div>\n<\/div><\/div><\/div>\n<\/section><section class=\"bde-section-22-114 bde-section\">\n  \n  \n\t\n\n\n\n<div class=\"section-container\"><h2 class=\"bde-heading-22-116 bde-heading\">\nBeneficios de invertir\n<\/h2><div class=\"bde-text-22-154 bde-text\">\nCosmopolitan by the Sea es m\u00e1s que una residencia de lujo frente al mar, es una oportunidad de inversi\u00f3n dise\u00f1ada para maximizar rendimientos a trav\u00e9s de rentas vacacionales en plataformas digitales como Airbnb y Booking.\n<\/div><div class=\"bde-grid-22-117 bde-grid\">\n  \n  \n\t\n\n\n\n<div class=\"bde-columns-22-118 bde-columns\"><div class=\"bde-column-22-119 bde-column\">\n  \n  \n\t\n\n\n\n<h3 class=\"bde-heading-22-120 bde-heading\">\nCrecimiento Turista en la regi\u00f3n de Baja California\n<\/h3><p class=\"bde-text-22-121 bde-text\">\nLa industria de las rentas vacacionales ha mostrado un crecimiento sostenido en los \u00faltimos a\u00f1os, manteniendo una ocupaci\u00f3n hotelera constante, gracias a:\n<\/p><div class=\"bde-icon-list-22-153 bde-icon-list bde-icon-list--background\">\n<ul>\n  \n              \n    <li>\n              <div class='bde-icon-list__item-wrapper'>\n      \n      <span class='bde-icon-list__icon' aria-hidden='true'>\n        <svg xmlns=\"http:\/\/www.w3.org\/2000\/svg\" viewBox=\"0 0 576 512\"><!--! Font Awesome Free 6.5.1 by @fontawesome - https:\/\/fontawesome.com License - https:\/\/fontawesome.com\/license\/free (Icons: CC BY 4.0, Fonts: SIL OFL 1.1, Code: MIT License) Copyright 2023 Fonticons, Inc. --><path d=\"M543.8 287.6c17 0 32-14 32-32.1c1-9-3-17-11-24L309.5 7c-6-5-14-7-21-7s-15 1-22 8L10 231.5c-7 7-10 15-10 24c0 18 14 32.1 32 32.1h32V448c0 35.3 28.7 64 64 64H448.5c35.5 0 64.2-28.8 64-64.3l-.7-160.2h32zM256 208c0-8.8 7.2-16 16-16h32c8.8 0 16 7.2 16 16v48h48c8.8 0 16 7.2 16 16v32c0 8.8-7.2 16-16 16H320v48c0 8.8-7.2 16-16 16H272c-8.8 0-16-7.2-16-16V320H208c-8.8 0-16-7.2-16-16V272c0-8.8 7.2-16 16-16h48V208z\"\/><\/svg>\n      <\/span>\n      <span class='bde-icon-list__text' >\n      El auge del turismo m\u00e9dico, enol\u00f3gico y gastron\u00f3mico\n      <\/span>\n              <\/div>\n      \n    <\/li>\n\n  \n              \n    <li>\n              <div class='bde-icon-list__item-wrapper'>\n      \n      <span class='bde-icon-list__icon' aria-hidden='true'>\n        <svg xmlns=\"http:\/\/www.w3.org\/2000\/svg\" viewBox=\"0 0 576 512\"><!--! Font Awesome Free 6.5.1 by @fontawesome - https:\/\/fontawesome.com License - https:\/\/fontawesome.com\/license\/free (Icons: CC BY 4.0, Fonts: SIL OFL 1.1, Code: MIT License) Copyright 2023 Fonticons, Inc. --><path d=\"M346.3 271.8l-60.1-21.9L214 448H32c-17.7 0-32 14.3-32 32s14.3 32 32 32H544c17.7 0 32-14.3 32-32s-14.3-32-32-32H282.1l64.1-176.2zm121.1-.2l-3.3 9.1 67.7 24.6c18.1 6.6 38-4.2 39.6-23.4c6.5-78.5-23.9-155.5-80.8-208.5c2 8 3.2 16.3 3.4 24.8l.2 6c1.8 57-7.3 113.8-26.8 167.4zM462 99.1c-1.1-34.4-22.5-64.8-54.4-77.4c-.9-.4-1.9-.7-2.8-1.1c-33-11.7-69.8-2.4-93.1 23.8l-4 4.5C272.4 88.3 245 134.2 226.8 184l-3.3 9.1L434 269.7l3.3-9.1c18.1-49.8 26.6-102.5 24.9-155.5l-.2-6zM107.2 112.9c-11.1 15.7-2.8 36.8 15.3 43.4l71 25.8 3.3-9.1c19.5-53.6 49.1-103 87.1-145.5l4-4.5c6.2-6.9 13.1-13 20.5-18.2c-79.6 2.5-154.7 42.2-201.2 108z\"\/><\/svg>\n      <\/span>\n      <span class='bde-icon-list__text' >\n      La preferencia de los viajeros por experiencias personalizadas en propiedades exclusivas, en lugar de hoteles tradicionales\n      <\/span>\n              <\/div>\n      \n    <\/li>\n\n  \n              \n    <li>\n              <div class='bde-icon-list__item-wrapper'>\n      \n      <span class='bde-icon-list__icon' aria-hidden='true'>\n        <svg xmlns=\"http:\/\/www.w3.org\/2000\/svg\" viewBox=\"0 0 576 512\"><!--! Font Awesome Free 6.5.1 by @fontawesome - https:\/\/fontawesome.com License - https:\/\/fontawesome.com\/license\/free (Icons: CC BY 4.0, Fonts: SIL OFL 1.1, Code: MIT License) Copyright 2023 Fonticons, Inc. --><path d=\"M269.5 69.9c11.1-7.9 25.9-7.9 37 0C329 85.4 356.5 96 384 96c26.9 0 55.4-10.8 77.4-26.1l0 0c11.9-8.5 28.1-7.8 39.2 1.7c14.4 11.9 32.5 21 50.6 25.2c17.2 4 27.9 21.2 23.9 38.4s-21.2 27.9-38.4 23.9c-24.5-5.7-44.9-16.5-58.2-25C449.5 149.7 417 160 384 160c-31.9 0-60.6-9.9-80.4-18.9c-5.8-2.7-11.1-5.3-15.6-7.7c-4.5 2.4-9.7 5.1-15.6 7.7c-19.8 9-48.5 18.9-80.4 18.9c-33 0-65.5-10.3-94.5-25.8c-13.4 8.4-33.7 19.3-58.2 25c-17.2 4-34.4-6.7-38.4-23.9s6.7-34.4 23.9-38.4C42.8 92.6 61 83.5 75.3 71.6c11.1-9.5 27.3-10.1 39.2-1.7l0 0C136.7 85.2 165.1 96 192 96c27.5 0 55-10.6 77.5-26.1zm37 288C329 373.4 356.5 384 384 384c26.9 0 55.4-10.8 77.4-26.1l0 0c11.9-8.5 28.1-7.8 39.2 1.7c14.4 11.9 32.5 21 50.6 25.2c17.2 4 27.9 21.2 23.9 38.4s-21.2 27.9-38.4 23.9c-24.5-5.7-44.9-16.5-58.2-25C449.5 437.7 417 448 384 448c-31.9 0-60.6-9.9-80.4-18.9c-5.8-2.7-11.1-5.3-15.6-7.7c-4.5 2.4-9.7 5.1-15.6 7.7c-19.8 9-48.5 18.9-80.4 18.9c-33 0-65.5-10.3-94.5-25.8c-13.4 8.4-33.7 19.3-58.2 25c-17.2 4-34.4-6.7-38.4-23.9s6.7-34.4 23.9-38.4c18.1-4.2 36.2-13.3 50.6-25.2c11.1-9.4 27.3-10.1 39.2-1.7l0 0C136.7 373.2 165.1 384 192 384c27.5 0 55-10.6 77.5-26.1c11.1-7.9 25.9-7.9 37 0zm0-144C329 229.4 356.5 240 384 240c26.9 0 55.4-10.8 77.4-26.1l0 0c11.9-8.5 28.1-7.8 39.2 1.7c14.4 11.9 32.5 21 50.6 25.2c17.2 4 27.9 21.2 23.9 38.4s-21.2 27.9-38.4 23.9c-24.5-5.7-44.9-16.5-58.2-25C449.5 293.7 417 304 384 304c-31.9 0-60.6-9.9-80.4-18.9c-5.8-2.7-11.1-5.3-15.6-7.7c-4.5 2.4-9.7 5.1-15.6 7.7c-19.8 9-48.5 18.9-80.4 18.9c-33 0-65.5-10.3-94.5-25.8c-13.4 8.4-33.7 19.3-58.2 25c-17.2 4-34.4-6.7-38.4-23.9s6.7-34.4 23.9-38.4c18.1-4.2 36.2-13.3 50.6-25.2c11.1-9.5 27.3-10.1 39.2-1.7l0 0C136.7 229.2 165.1 240 192 240c27.5 0 55-10.6 77.5-26.1c11.1-7.9 25.9-7.9 37 0z\"\/><\/svg>\n      <\/span>\n      <span class='bde-icon-list__text' >\n      La cercan\u00eda con California y el mercado estadounidense, un flujo de turistas que buscan lujo, confort y exclusividad en la costa del Pac\u00edfico.<br>\n      <\/span>\n              <\/div>\n      \n    <\/li>\n\n  <\/ul>\n\n<\/div>\n<\/div><div class=\"bde-column-22-123 bde-column\">\n  \n  \n\t\n\n\n\n<div class=\"bde-image-22-124 bde-image\">\n<figure class=\"breakdance-image breakdance-image--174\">\n\t<div class=\"breakdance-image-container\">\n\t\t<div class=\"breakdance-image-clip\"><img loading=\"lazy\" decoding=\"async\" class=\"breakdance-image-object\" src=\"https:\/\/cosmopolitanbythesea.com\/wp-content\/uploads\/2025\/02\/turismo-ensenada.jpg\" width=\"1280\" height=\"958\" srcset=\"https:\/\/cosmopolitanbythesea.com\/wp-content\/uploads\/2025\/02\/turismo-ensenada.jpg 1280w, https:\/\/cosmopolitanbythesea.com\/wp-content\/uploads\/2025\/02\/turismo-ensenada-300x225.jpg 300w, https:\/\/cosmopolitanbythesea.com\/wp-content\/uploads\/2025\/02\/turismo-ensenada-1024x766.jpg 1024w, https:\/\/cosmopolitanbythesea.com\/wp-content\/uploads\/2025\/02\/turismo-ensenada-768x575.jpg 768w\" sizes=\"auto, (max-width: 1280px) 100vw, 1280px\"><\/div>\n\t<\/div><\/figure>\n\n<\/div>\n<\/div><\/div><a class=\"bde-container-link-22-125 bde-container-link breakdance-link\" href=\"#\" target=\"_self\">\n  \n  \n\t\n\n\n\n<div class=\"bde-div-22-126 bde-div\">\n  \n  \n\t\n\n\n\n<div class=\"bde-icon-22-127 bde-icon\">\n\n    \n            <div class=\"bde-icon-icon breakdance-icon-atom\" >\n    \n                    <svg xmlns=\"http:\/\/www.w3.org\/2000\/svg\" viewBox=\"0 0 384 512\"><!--! Font Awesome Free 6.5.1 by @fontawesome - https:\/\/fontawesome.com License - https:\/\/fontawesome.com\/license\/free (Icons: CC BY 4.0, Fonts: SIL OFL 1.1, Code: MIT License) Copyright 2023 Fonticons, Inc. --><path d=\"M173.8 5.5c11-7.3 25.4-7.3 36.4 0L228 17.2c6 3.9 13 5.8 20.1 5.4l21.3-1.3c13.2-.8 25.6 6.4 31.5 18.2l9.6 19.1c3.2 6.4 8.4 11.5 14.7 14.7L344.5 83c11.8 5.9 19 18.3 18.2 31.5l-1.3 21.3c-.4 7.1 1.5 14.2 5.4 20.1l11.8 17.8c7.3 11 7.3 25.4 0 36.4L366.8 228c-3.9 6-5.8 13-5.4 20.1l1.3 21.3c.8 13.2-6.4 25.6-18.2 31.5l-19.1 9.6c-6.4 3.2-11.5 8.4-14.7 14.7L301 344.5c-5.9 11.8-18.3 19-31.5 18.2l-21.3-1.3c-7.1-.4-14.2 1.5-20.1 5.4l-17.8 11.8c-11 7.3-25.4 7.3-36.4 0L156 366.8c-6-3.9-13-5.8-20.1-5.4l-21.3 1.3c-13.2 .8-25.6-6.4-31.5-18.2l-9.6-19.1c-3.2-6.4-8.4-11.5-14.7-14.7L39.5 301c-11.8-5.9-19-18.3-18.2-31.5l1.3-21.3c.4-7.1-1.5-14.2-5.4-20.1L5.5 210.2c-7.3-11-7.3-25.4 0-36.4L17.2 156c3.9-6 5.8-13 5.4-20.1l-1.3-21.3c-.8-13.2 6.4-25.6 18.2-31.5l19.1-9.6C65 70.2 70.2 65 73.4 58.6L83 39.5c5.9-11.8 18.3-19 31.5-18.2l21.3 1.3c7.1 .4 14.2-1.5 20.1-5.4L173.8 5.5zM272 192a80 80 0 1 0 -160 0 80 80 0 1 0 160 0zM1.3 441.8L44.4 339.3c.2 .1 .3 .2 .4 .4l9.6 19.1c11.7 23.2 36 37.3 62 35.8l21.3-1.3c.2 0 .5 0 .7 .2l17.8 11.8c5.1 3.3 10.5 5.9 16.1 7.7l-37.6 89.3c-2.3 5.5-7.4 9.2-13.3 9.7s-11.6-2.2-14.8-7.2L74.4 455.5l-56.1 8.3c-5.7 .8-11.4-1.5-15-6s-4.3-10.7-2.1-16zm248 60.4L211.7 413c5.6-1.8 11-4.3 16.1-7.7l17.8-11.8c.2-.1 .4-.2 .7-.2l21.3 1.3c26 1.5 50.3-12.6 62-35.8l9.6-19.1c.1-.2 .2-.3 .4-.4l43.2 102.5c2.2 5.3 1.4 11.4-2.1 16s-9.3 6.9-15 6l-56.1-8.3-32.2 49.2c-3.2 5-8.9 7.7-14.8 7.2s-11-4.3-13.3-9.7z\"\/><\/svg>\n        \n        \n        \n            <\/div>\n    \n\n\n<\/div>\n<\/div><div class=\"bde-div-22-129 bde-div\">\n  \n  \n\t\n\n\n\n<h3 class=\"bde-heading-22-130 bde-heading\">\nCercan\u00eda a un destino de clase mundial\n<\/h3><p class=\"bde-text-22-131 bde-text\">\nA tan solo 30 minutos de Cosmopolitan By The Sea, se ubica el Valle de Guadalupe y la ic\u00f3nica Ruta del Vino, atractivo clave para turistas nacionales e internacionales.\n<\/p>\n<\/div>\n\n<\/a><a class=\"bde-container-link-22-132 bde-container-link breakdance-link\" href=\"#\" target=\"_self\">\n  \n  \n\t\n\n\n\n<div class=\"bde-div-22-133 bde-div\">\n  \n  \n\t\n\n\n\n<div class=\"bde-icon-22-134 bde-icon\">\n\n    \n            <div class=\"bde-icon-icon breakdance-icon-atom\" >\n    \n                    <svg xmlns=\"http:\/\/www.w3.org\/2000\/svg\" viewBox=\"0 0 576 512\"><!--! Font Awesome Free 6.5.1 by @fontawesome - https:\/\/fontawesome.com License - https:\/\/fontawesome.com\/license\/free (Icons: CC BY 4.0, Fonts: SIL OFL 1.1, Code: MIT License) Copyright 2023 Fonticons, Inc. --><path d=\"M112 48a48 48 0 1 1 96 0 48 48 0 1 1 -96 0zm40 304V480c0 17.7-14.3 32-32 32s-32-14.3-32-32V256.9L59.4 304.5c-9.1 15.1-28.8 20-43.9 10.9s-20-28.8-10.9-43.9l58.3-97c17.4-28.9 48.6-46.6 82.3-46.6h29.7c33.7 0 64.9 17.7 82.3 46.6l44.9 74.7c-16.1 17.6-28.6 38.5-36.6 61.5c-1.9-1.8-3.5-3.9-4.9-6.3L232 256.9V480c0 17.7-14.3 32-32 32s-32-14.3-32-32V352H152zm136 16a144 144 0 1 1 288 0 144 144 0 1 1 -288 0zm211.3-43.3c-6.2-6.2-16.4-6.2-22.6 0L416 385.4l-28.7-28.7c-6.2-6.2-16.4-6.2-22.6 0s-6.2 16.4 0 22.6l40 40c6.2 6.2 16.4 6.2 22.6 0l72-72c6.2-6.2 6.2-16.4 0-22.6z\"\/><\/svg>\n        \n        \n        \n            <\/div>\n    \n\n\n<\/div>\n<\/div><div class=\"bde-div-22-136 bde-div\">\n  \n  \n\t\n\n\n\n<h3 class=\"bde-heading-22-137 bde-heading\">\nAdministraci\u00f3n profesional de la propiedad\n<\/h3><p class=\"bde-text-22-138 bde-text\">\nNuestro equipo se encargar\u00e1 de todo el tema operativo para que tu departamento se encuentre listo para el hu\u00e9sped; desde la gesti\u00f3n de reservas, mantenimiento y servicio al hu\u00e9sped \u00a1sin preocuparte!\n<\/p>\n<\/div>\n\n<\/a><a class=\"bde-container-link-22-139 bde-container-link breakdance-link\" href=\"#\" target=\"_self\">\n  \n  \n\t\n\n\n\n<div class=\"bde-div-22-140 bde-div\">\n  \n  \n\t\n\n\n\n<div class=\"bde-icon-22-141 bde-icon\">\n\n    \n            <div class=\"bde-icon-icon breakdance-icon-atom\" >\n    \n                    <svg xmlns=\"http:\/\/www.w3.org\/2000\/svg\" viewBox=\"0 0 512 512\"><!--! Font Awesome Free 6.5.1 by @fontawesome - https:\/\/fontawesome.com License - https:\/\/fontawesome.com\/license\/free (Icons: CC BY 4.0, Fonts: SIL OFL 1.1, Code: MIT License) Copyright 2023 Fonticons, Inc. --><path d=\"M256 48a208 208 0 1 1 0 416 208 208 0 1 1 0-416zm0 464A256 256 0 1 0 256 0a256 256 0 1 0 0 512zM369 209c9.4-9.4 9.4-24.6 0-33.9s-24.6-9.4-33.9 0l-111 111-47-47c-9.4-9.4-24.6-9.4-33.9 0s-9.4 24.6 0 33.9l64 64c9.4 9.4 24.6 9.4 33.9 0L369 209z\"\/><\/svg>\n        \n        \n        \n            <\/div>\n    \n\n\n<\/div>\n<\/div><div class=\"bde-div-22-143 bde-div\">\n  \n  \n\t\n\n\n\n<h3 class=\"bde-heading-22-144 bde-heading\">\nDiversos modelos para cada estilo de viajeros\n<\/h3><p class=\"bde-text-22-145 bde-text\">\nCosmopolitan By The Sea cuenta con suites de 1 rec\u00e1mara ideales para rentas cortas, hasta amplias residencias con jard\u00edn privado; cada opci\u00f3n est\u00e1 dise\u00f1ada para atraer a un segmento tur\u00edstico espec\u00edfico.\n<\/p>\n<\/div>\n\n<\/a><a class=\"bde-container-link-22-146 bde-container-link breakdance-link\" href=\"#\" target=\"_self\">\n  \n  \n\t\n\n\n\n<div class=\"bde-div-22-147 bde-div\">\n  \n  \n\t\n\n\n\n<div class=\"bde-icon-22-148 bde-icon\">\n\n    \n            <div class=\"bde-icon-icon breakdance-icon-atom\" >\n    \n                    <svg xmlns=\"http:\/\/www.w3.org\/2000\/svg\" viewBox=\"0 0 448 512\"><!--! Font Awesome Free 6.5.1 by @fontawesome - https:\/\/fontawesome.com License - https:\/\/fontawesome.com\/license\/free (Icons: CC BY 4.0, Fonts: SIL OFL 1.1, Code: MIT License) Copyright 2023 Fonticons, Inc. --><path d=\"M246.6 41.4c-12.5-12.5-32.8-12.5-45.3 0l-160 160c-12.5 12.5-12.5 32.8 0 45.3s32.8 12.5 45.3 0L224 109.3 361.4 246.6c12.5 12.5 32.8 12.5 45.3 0s12.5-32.8 0-45.3l-160-160zm160 352l-160-160c-12.5-12.5-32.8-12.5-45.3 0l-160 160c-12.5 12.5-12.5 32.8 0 45.3s32.8 12.5 45.3 0L224 301.3 361.4 438.6c12.5 12.5 32.8 12.5 45.3 0s12.5-32.8 0-45.3z\"\/><\/svg>\n        \n        \n        \n            <\/div>\n    \n\n\n<\/div>\n<\/div><div class=\"bde-div-22-150 bde-div\">\n  \n  \n\t\n\n\n\n<h3 class=\"bde-heading-22-151 bde-heading\">\nPropiedad de lujo con amenidades tipo resort\n<\/h3><p class=\"bde-text-22-152 bde-text\">\nAlberca infinity, spa, gimnasio, restaurante, lounge bar, servicios a la habitaci\u00f3n y housekeeping brindar\u00e1n a los hu\u00e9spedes una experiencia vacacional del m\u00e1s alto nivel.\n<\/p>\n<\/div>\n\n<\/a>\n<\/div><\/div>\n<\/section><section class=\"bde-section-22-181 bde-section\">\n  \n  \n\t\n\n\n\n<div class=\"section-container\"><div class=\"bde-div-22-182 bde-div\">\n  \n  \n\t\n\n\n\n<div class=\"bde-columns-22-188 bde-columns\"><div class=\"bde-column-22-189 bde-column\">\n  \n  \n\t\n\n\n\n<div class=\"bde-div-22-183 bde-div\">\n  \n  \n\t\n\n\n\n<h1 class=\"bde-heading-22-184 bde-heading\">\nUNA OPORTUNIDAD\n<\/h1><h1 class=\"bde-heading-22-185 bde-heading\">\n\u00fanica en Ensenada\n<\/h1><p class=\"bde-text-22-186 bde-text\">\nAsegura tu unidad en este exclusivo condo hotel Residencias\n<\/p><h3 class=\"bde-heading-22-191 bde-heading\">\ndesde $386,750 dlls\n<\/h3>\n<\/div>\n<\/div><div class=\"bde-column-22-190 bde-column\">\n  \n  \n\t\n\n\n\n<p class=\"bde-text-22-192 bde-text\">\nReg\u00edstrate para m\u00e1s detalles\n<\/p><div class=\"bde-form-builder-22-195 bde-form-builder\">\n\n<form id=\"contact-form195\" class=\"breakdance-form breakdance-form--horizontal\" data-options=\"{&quot;slug&quot;:&quot;custom&quot;,&quot;name&quot;:&quot;Contact Form&quot;,&quot;ajaxUrl&quot;:&quot;https:\\\/\\\/cosmopolitanbythesea.com\\\/wp-admin\\\/admin-ajax.php&quot;,&quot;clearOnSuccess&quot;:true,&quot;hideOnSuccess&quot;:false,&quot;successMessage&quot;:&quot;Su mensaje ha sido recibido.&quot;,&quot;errorMessage&quot;:&quot;Algo sali\\u00f3 mal&quot;,&quot;redirect&quot;:false,&quot;redirectUrl&quot;:&quot;&quot;,&quot;customJavaScript&quot;:&quot;&quot;,&quot;recaptcha&quot;:{&quot;key&quot;:&quot;&quot;,&quot;enabled&quot;:false},&quot;honeypot_enabled&quot;:false,&quot;popupsOnSuccess&quot;:[],&quot;popupsOnError&quot;:[]}\" data-steps=\"0\" >\n  \n  \n  \n<div class=\"breakdance-form-field breakdance-form-field--text\" >\n    \n    \n            <label class=\"breakdance-form-field__label\" for=\"name\">\n            Nombre<span class=\"breakdance-form-field__required\">*<\/span>\n        <\/label>\n    \n    <input\n    class=\"breakdance-form-field__input\"\n    id=\"name\"\n    aria-describedby=\"name\"\n    type=\"text\"\n    name=\"fields[name]\"\n    placeholder=\"\"\n    value=\"\"\n                \n        \n        \n    required\n    \n    \n    \n    \n    \n>\n\n\n    \n    \n<\/div>\n\n\n<div class=\"breakdance-form-field breakdance-form-field--email\" >\n    \n    \n            <label class=\"breakdance-form-field__label\" for=\"email\">\n            Email<span class=\"breakdance-form-field__required\">*<\/span>\n        <\/label>\n    \n    <input\n    class=\"breakdance-form-field__input\"\n    id=\"email\"\n    aria-describedby=\"email\"\n    type=\"email\"\n    name=\"fields[email]\"\n    placeholder=\"\"\n    value=\"\"\n                \n        \n        \n    required\n    \n    \n    \n    \n    \n>\n\n\n    \n    \n<\/div><div class=\"breakdance-form-field breakdance-form-footer\">    \n    \n    \n    \n    \n            \n            <button type=\"submit\" class=\"button-atom button-atom--primary breakdance-form-button breakdance-form-button__submit\"  >\n    \n        <span class=\"button-atom__text\">Enviar<\/span>\n\n        \n        \n            <\/button>\n    \n    <input type=\"hidden\" name=\"form_id\" value=\"195\">\n    <input type=\"hidden\" name=\"post_id\" value=\"22\">\n<\/div>\n\n  \n<\/form>\n\n\n<\/div>\n<\/div><\/div>\n<\/div><\/div>\n<\/section>","protected":false},"excerpt":{"rendered":"<p>TU HOGAR con vista infinita al mar INVIERTE con beneficios exclusivos Cada residencia, dise\u00f1ada para maximizar luz, amplitud y confort con incre\u00edbles terrazas privadas y acabados de lujo para el m\u00e1ximo goce de una vida frente al mar. Invertir en Cosmopolitan by the Sea significa formar parte de un modelo de condohotel estilo resort que [&hellip;]<\/p>\n","protected":false},"author":1,"featured_media":0,"parent":0,"menu_order":0,"comment_status":"closed","ping_status":"closed","template":"","meta":{"_breakdance_hide_in_design_set":false,"_breakdance_tags":"","footnotes":""},"class_list":["post-22","page","type-page","status-publish","hentry"],"_links":{"self":[{"href":"https:\/\/cosmopolitanbythesea.com\/en\/wp-json\/wp\/v2\/pages\/22","targetHints":{"allow":["GET"]}}],"collection":[{"href":"https:\/\/cosmopolitanbythesea.com\/en\/wp-json\/wp\/v2\/pages"}],"about":[{"href":"https:\/\/cosmopolitanbythesea.com\/en\/wp-json\/wp\/v2\/types\/page"}],"author":[{"embeddable":true,"href":"https:\/\/cosmopolitanbythesea.com\/en\/wp-json\/wp\/v2\/users\/1"}],"replies":[{"embeddable":true,"href":"https:\/\/cosmopolitanbythesea.com\/en\/wp-json\/wp\/v2\/comments?post=22"}],"version-history":[{"count":19,"href":"https:\/\/cosmopolitanbythesea.com\/en\/wp-json\/wp\/v2\/pages\/22\/revisions"}],"predecessor-version":[{"id":408,"href":"https:\/\/cosmopolitanbythesea.com\/en\/wp-json\/wp\/v2\/pages\/22\/revisions\/408"}],"wp:attachment":[{"href":"https:\/\/cosmopolitanbythesea.com\/en\/wp-json\/wp\/v2\/media?parent=22"}],"curies":[{"name":"wp","href":"https:\/\/api.w.org\/{rel}","templated":true}]}}